{"id":792,"date":"2025-03-21T21:48:35","date_gmt":"2025-03-21T21:48:35","guid":{"rendered":"https:\/\/www.bioplantpharma.com\/?post_type=product&#038;p=792"},"modified":"2025-11-23T18:15:49","modified_gmt":"2025-11-23T18:15:49","slug":"detox-drainage","status":"publish","type":"product","link":"https:\/\/www.bioplantpharma.com\/de\/produkt\/detox-drainage\/","title":{"rendered":"DETOX Drainage"},"content":{"rendered":"<h2>DETOX Drainage<\/h2>\n<h3><strong>Sag \u201cBYE-BYE\u201d zu Cellulite und Wassereinlagerungen in den Beinen!<\/strong><\/h3>\n<h4><strong>Ausgew\u00e4hlte, preisgekr\u00f6nte Wirkstoffe in DETOX Drainage sind die ultimative L\u00f6sung gegen Cellulite.<\/strong><\/h4>\n<h4><span style=\"color: #003300;\"><strong>Heilpflanzen unterst\u00fctzen Ihr Wohlbefinden und f\u00f6rdern die Ausscheidung von Giftstoffen aus dem K\u00f6rper.<\/strong><\/span><\/h4>\n<p>&nbsp;<\/p>\n<blockquote><p><strong>Diese Detox- und Entw\u00e4sserungscreme enth\u00e4lt bioaktive Inhaltsstoffe mit 24-Stunden-Wirkung, reduziert gezielt Cellulite (Fettablagerungen) und wirkt wie ein echtes Entw\u00e4sserungs-Elixier mit 12 Heilpflanzen. Ausgezeichnete Rezeptur.<\/strong><\/p><\/blockquote>\n<p><img fetchpriority=\"high\" decoding=\"async\" class=\"wp-image-793 aligncenter\" src=\"http:\/\/www.bioplantpharma.com\/wp-content\/uploads\/2025\/03\/Detox_Body-300x107.png\" alt=\"\" width=\"505\" height=\"180\" srcset=\"https:\/\/www.bioplantpharma.com\/wp-content\/uploads\/2025\/03\/Detox_Body-300x107.png 300w, https:\/\/www.bioplantpharma.com\/wp-content\/uploads\/2025\/03\/Detox_Body-18x6.png 18w, https:\/\/www.bioplantpharma.com\/wp-content\/uploads\/2025\/03\/Detox_Body.png 600w\" sizes=\"(max-width: 505px) 100vw, 505px\" \/><\/p>\n<h4 class=\"has-text-color has-background has-very-dark-gray-color\">DETOX Drainage wurde speziell entwickelt, um Beine und K\u00f6rper neu zu definieren und die Ausscheidung von Giftstoffen zu f\u00f6rdern.<img decoding=\"async\" class=\"wp-image-794 aligncenter\" src=\"http:\/\/www.bioplantpharma.com\/wp-content\/uploads\/2025\/03\/detoxbody_-1-300x113.png\" alt=\"detox drainage\" width=\"515\" height=\"194\" srcset=\"https:\/\/www.bioplantpharma.com\/wp-content\/uploads\/2025\/03\/detoxbody_-1-300x113.png 300w, https:\/\/www.bioplantpharma.com\/wp-content\/uploads\/2025\/03\/detoxbody_-1-18x7.png 18w, https:\/\/www.bioplantpharma.com\/wp-content\/uploads\/2025\/03\/detoxbody_-1.png 600w\" sizes=\"(max-width: 515px) 100vw, 515px\" \/><\/h4>\n<p><strong>Die 12 aktiven Heilpflanzeninhaltsstoffe entfalten eine effektive Wirkung, die 24 Stunden am Tag und in jeder Situation anh\u00e4lt. Sie helfen, Fl\u00fcssigkeitsansammlungen im Gewebe abzubauen und wirken gezielt auf lokale Fettzellen ein.<\/strong><\/p>\n<p>&nbsp;<\/p>\n<p><strong>Anti-Cellulite- und Anti-Fettzellenspeicherung, unabh\u00e4ngig davon, ob Sie sich ausruhen, spazieren gehen, joggen, Sport treiben, unter Stress stehen, bei der Arbeit sind oder gerade gegessen haben.<\/strong><\/p>\n<ul>\n<li><strong><span style=\"color: #003300;\">Leistungsstarke Lymphdrainage<\/span><\/strong><\/li>\n<li><strong><span style=\"color: #003300;\">Verbessert und lindert schwere, m\u00fcde Beine.<\/span><\/strong><\/li>\n<li><span style=\"color: #003300;\"><strong>Sofortige und langfristige Drainagewirkung f\u00fcr 24 Stunden<\/strong><\/span><\/li>\n<li><span style=\"color: #003300;\"><strong>Verbessert den Abfluss von Lymphfl\u00fcssigkeit aus dem Gewebe.<\/strong><\/span><\/li>\n<\/ul>\n<p>&nbsp;<\/p>\n<h4><span style=\"color: #003300;\">Hervorragende Drainageeigenschaften, gezielte und gl\u00e4ttende Behandlung betroffener Bereiche. Klinisch erwiesen: Reduziert das Erscheinungsbild von Cellulite.<\/span><\/h4>\n<ul>\n<li><span style=\"color: #003300;\"><strong>Reduziert Orangenhaut und Cellulite.<\/strong><\/span><\/li>\n<li><strong>Es reduziert wirksam die Ansammlung von Triglyceriden (einer Kombination aus Glycerin und drei Fetts\u00e4uren) im K\u00f6rper.<\/strong><\/li>\n<\/ul>\n<p>&nbsp;<\/p>\n<p>&nbsp;<\/p>\n<blockquote>\n<h4>DETOX Drainage ist ein aktives Produkt, das 24 Stunden am Tag unter allen Umst\u00e4nden dazu beitr\u00e4gt, lokale Fettansammlungen und Cellulite zu reduzieren.<\/h4>\n<\/blockquote>\n<p>&nbsp;<\/p>\n<p><strong>WIE FUNKTIONIERT DIE ENTGIFTUNGSKUR?<\/strong><\/p>\n<p>Die Kombination von <strong>Himbeer-Leton und Fisetin<\/strong> wirkt an <strong>Antioxidans und entz\u00fcndungshemmendes Mittel,<\/strong> es zu einem machen <strong>Schlankmachender Wirkstoff<\/strong>.<\/p>\n<p>Es zielt auf lokalisierte Fettansammlungen ab und<strong> Reduziert Cellulite rund um die Uhr \u2013<\/strong> ob in Ruhe, w\u00e4hrend k\u00f6rperlicher Anstrengung, unter Stress oder nach dem Essen.<\/p>\n<ul>\n<li><strong>DETOX Drainage <\/strong>\u00a0verbessert nicht nur das <strong>Erscheinungsbild von Cellulite<\/strong> auch <strong>formt die K\u00f6rperkonturen neu<\/strong> und <strong>verbessert die Hautelastizit\u00e4t<\/strong>es pflegt die Haut sanft. <strong>\u00d6deme werden reduziert<\/strong> und <strong>Hautvolumen.<\/strong><\/li>\n<li><strong>Aktiviert den basalen<\/strong> <strong>Lipolyse um \u00fcber 123 %\u00a0<\/strong><\/li>\n<li><strong>Spaltet Triglyceride auf<\/strong><\/li>\n<li>Hemmt<strong> lipogenesis<\/strong> nach der Nahrungsaufnahme<\/li>\n<li>Unterdr\u00fcckt <strong>adipogenesis<\/strong> (die Differenzierung in reife Fettzellen) als <strong>Globale Pr\u00e4ventivma\u00dfnahmen gegen Fettansammlungen.<\/strong><\/li>\n<li><strong>DETOX Drainage<\/strong> ist <strong>Parabenfrei<\/strong>. Es enth\u00e4lt eine <strong>nat\u00fcrliche Phenolverbindung<\/strong> und <strong>12 medizinische Heilpflanzen.<\/strong><\/li>\n<\/ul>\n<p><img decoding=\"async\" class=\"wp-image-799 aligncenter\" src=\"http:\/\/www.bioplantpharma.com\/wp-content\/uploads\/2025\/03\/plants-300x167.png\" alt=\"\" width=\"951\" height=\"529\" srcset=\"https:\/\/www.bioplantpharma.com\/wp-content\/uploads\/2025\/03\/plants-300x167.png 300w, https:\/\/www.bioplantpharma.com\/wp-content\/uploads\/2025\/03\/plants-768x426.png 768w, https:\/\/www.bioplantpharma.com\/wp-content\/uploads\/2025\/03\/plants-18x10.png 18w, https:\/\/www.bioplantpharma.com\/wp-content\/uploads\/2025\/03\/plants-600x333.png 600w, https:\/\/www.bioplantpharma.com\/wp-content\/uploads\/2025\/03\/plants.png 985w\" sizes=\"(max-width: 951px) 100vw, 951px\" \/><\/p>\n<p><strong>Anwedung:<\/strong> \u00a0Das Produkt t\u00e4glich auf Beine, Bauch, H\u00fcften, Arme und R\u00fccken auftragen. Sanft in die Haut einmassieren.<\/p>\n<p><strong>Empfehlung:<\/strong> \u00a0Verwenden Sie DETOX Drainage t\u00e4glich und Sie werden in kurzer Zeit die besten Ergebnisse erzielen.<\/p>\n<p>&nbsp;<\/p>\n<p>HERO INGREDIENTS<\/p>\n<ul>\n<li>\n<h4><span class=\"\">Laminaria digitata \/ Remineralisierung mit Mineralien und Spurenelementen<\/span><\/h4>\n<\/li>\n<li><strong>CENTELLA ASIATICA \/ Regeneration\u00a0<\/strong><\/li>\n<li>\n<h4>Juniperus virginiana hat eine lymphdrainierende Wirkung<\/h4>\n<\/li>\n<li>\n<h4>Rosmarinus officinalis\/ st\u00e4rkt die Blutgef\u00e4\u00dfe<\/h4>\n<\/li>\n<li><strong>Thymus vulgaris hat eine positive Wirkung auf Ihre Gef\u00fchle und Ihre Stimmung.<\/strong><\/li>\n<li>\n<h4>Ruscus aculeatus-Wurzelextrakt wirkt 24 Stunden lang und hilft, lokale Fettansammlungen und Cellulite zu reduzieren.<\/h4>\n<\/li>\n<li><strong>12 nedizinische Heilpflanzen<\/strong><\/li>\n<\/ul>","protected":false},"excerpt":{"rendered":"<p>200ml<\/p>\n<ul>\n<li><b>DETOX Drainage Kraftvoll f\u00fcr Beine und K\u00f6rper\u00a0<\/b><\/li>\n<li><span style=\"color: #003300;\"><strong>Verbessert den Abfluss von Lymphfl\u00fcssigkeit aus dem Gewebe.<\/strong><\/span><\/li>\n<li><strong>12 medizinische Heilpflanzen\u00a0<\/strong><\/li>\n<li><strong>Sichtbar reduziert Schwellungen und Stauungen<\/strong>\u00a0und\u00a0<strong>kann eine hilfreiche Unterst\u00fctzung bei Venenproblemen sein<\/strong><\/li>\n<li><strong>Reduziert Wassereinlagerungen<\/strong>\u00a0<strong>in the legs <\/strong><strong>intensive Wirkung<\/strong><\/li>\n<li><strong>Tiefenentw\u00e4sserung reduziert Spannung und Schwellung<\/strong><\/li>\n<li>Wirksam <strong>gegen Fettzellen<\/strong><\/li>\n<li>Verbessert und <strong>entlastet schwere Beine<\/strong><\/li>\n<li><strong>Detox Wirkung<\/strong>\u00a0<strong>entfernt<\/strong>\u00a0<strong>Lymphwasser und Giftstoffe aus dem K\u00f6rper<\/strong><\/li>\n<li><strong>Reduziert Cellulite sichtbar\u00a0<\/strong><\/li>\n<\/ul>","protected":false},"featured_media":803,"comment_status":"open","ping_status":"closed","template":"","meta":{"ocean_post_layout":"full-width","ocean_both_sidebars_style":"","ocean_both_sidebars_content_width":0,"ocean_both_sidebars_sidebars_width":0,"ocean_sidebar":"0","ocean_second_sidebar":"0","ocean_disable_margins":"enable","ocean_add_body_class":"","ocean_shortcode_before_top_bar":"","ocean_shortcode_after_top_bar":"","ocean_shortcode_before_header":"","ocean_shortcode_after_header":"","ocean_has_shortcode":"","ocean_shortcode_after_title":"","ocean_shortcode_before_footer_widgets":"","ocean_shortcode_after_footer_widgets":"","ocean_shortcode_before_footer_bottom":"","ocean_shortcode_after_footer_bottom":"","ocean_display_top_bar":"default","ocean_display_header":"default","ocean_header_style":"","ocean_center_header_left_menu":"0","ocean_custom_header_template":"0","ocean_custom_logo":0,"ocean_custom_retina_logo":0,"ocean_custom_logo_max_width":0,"ocean_custom_logo_tablet_max_width":0,"ocean_custom_logo_mobile_max_width":0,"ocean_custom_logo_max_height":0,"ocean_custom_logo_tablet_max_height":0,"ocean_custom_logo_mobile_max_height":0,"ocean_header_custom_menu":"0","ocean_menu_typo_font_family":"0","ocean_menu_typo_font_subset":"","ocean_menu_typo_font_size":0,"ocean_menu_typo_font_size_tablet":0,"ocean_menu_typo_font_size_mobile":0,"ocean_menu_typo_font_size_unit":"px","ocean_menu_typo_font_weight":"","ocean_menu_typo_font_weight_tablet":"","ocean_menu_typo_font_weight_mobile":"","ocean_menu_typo_transform":"","ocean_menu_typo_transform_tablet":"","ocean_menu_typo_transform_mobile":"","ocean_menu_typo_line_height":0,"ocean_menu_typo_line_height_tablet":0,"ocean_menu_typo_line_height_mobile":0,"ocean_menu_typo_line_height_unit":"","ocean_menu_typo_spacing":0,"ocean_menu_typo_spacing_tablet":0,"ocean_menu_typo_spacing_mobile":0,"ocean_menu_typo_spacing_unit":"","ocean_menu_link_color":"","ocean_menu_link_color_hover":"","ocean_menu_link_color_active":"","ocean_menu_link_background":"","ocean_menu_link_hover_background":"","ocean_menu_link_active_background":"","ocean_menu_social_links_bg":"","ocean_menu_social_hover_links_bg":"","ocean_menu_social_links_color":"","ocean_menu_social_hover_links_color":"","ocean_disable_title":"on","ocean_disable_heading":"default","ocean_post_title":"","ocean_post_subheading":"","ocean_post_title_style":"","ocean_post_title_background_color":"","ocean_post_title_background":0,"ocean_post_title_bg_image_position":"","ocean_post_title_bg_image_attachment":"","ocean_post_title_bg_image_repeat":"","ocean_post_title_bg_image_size":"","ocean_post_title_height":0,"ocean_post_title_bg_overlay":0.5,"ocean_post_title_bg_overlay_color":"","ocean_disable_breadcrumbs":"default","ocean_breadcrumbs_color":"","ocean_breadcrumbs_separator_color":"","ocean_breadcrumbs_links_color":"","ocean_breadcrumbs_links_hover_color":"","ocean_display_footer_widgets":"default","ocean_display_footer_bottom":"default","ocean_custom_footer_template":"0"},"product_brand":[],"product_cat":[24],"product_tag":[],"class_list":{"0":"post-792","1":"product","2":"type-product","3":"status-publish","4":"has-post-thumbnail","6":"product_cat-detox-drainage","8":"entry","9":"has-media","11":"first","12":"instock","13":"shipping-taxable","14":"purchasable","15":"product-type-simple","16":"has-product-nav","17":"col","18":"span_1_of_3","19":"owp-content-center","20":"owp-thumbs-layout-vertical","21":"owp-btn-normal","22":"owp-tabs-layout-horizontal","23":"has-no-thumbnails"},"yoast_head":"<!-- This site is optimized with the Yoast SEO plugin v25.6 - https:\/\/yoast.com\/wordpress\/plugins\/seo\/ -->\n<title>DETOX Drainage - BIOPLANTPHARMA<\/title>\n<meta name=\"description\" content=\"Clinically proven DETOX Drainage, ANTI-CELLULITE and ANTI-FAT CELLS STORAGE. Powerful lymphatic drainage helps reduce cellulite. Works 24 hours!\" \/>\n<meta name=\"robots\" content=\"index, follow, max-snippet:-1, max-image-preview:large, max-video-preview:-1\" \/>\n<link rel=\"canonical\" href=\"https:\/\/www.bioplantpharma.com\/de\/produkt\/detox-drainage\/\" \/>\n<meta property=\"og:locale\" content=\"de_DE\" \/>\n<meta property=\"og:type\" content=\"article\" \/>\n<meta property=\"og:title\" content=\"DETOX Drainage - BIOPLANTPHARMA\" \/>\n<meta property=\"og:description\" content=\"Clinically proven DETOX Drainage, ANTI-CELLULITE and ANTI-FAT CELLS STORAGE. Powerful lymphatic drainage helps reduce cellulite. Works 24 hours!\" \/>\n<meta property=\"og:url\" content=\"https:\/\/www.bioplantpharma.com\/de\/produkt\/detox-drainage\/\" \/>\n<meta property=\"og:site_name\" content=\"BIOPLANTPHARMA\" \/>\n<meta property=\"article:modified_time\" content=\"2025-11-23T18:15:49+00:00\" \/>\n<meta property=\"og:image\" content=\"http:\/\/www.bioplantpharma.com\/wp-content\/uploads\/2025\/03\/Detox_Drainage.jpg\" \/>\n\t<meta property=\"og:image:width\" content=\"1080\" \/>\n\t<meta property=\"og:image:height\" content=\"1080\" \/>\n\t<meta property=\"og:image:type\" content=\"image\/jpeg\" \/>\n<meta name=\"twitter:card\" content=\"summary_large_image\" \/>\n<meta name=\"twitter:label1\" content=\"Gesch\u00e4tzte Lesezeit\" \/>\n\t<meta name=\"twitter:data1\" content=\"3\u00a0Minuten\" \/>\n<script type=\"application\/ld+json\" class=\"yoast-schema-graph\">{\"@context\":\"https:\/\/schema.org\",\"@graph\":[{\"@type\":\"WebPage\",\"@id\":\"https:\/\/www.bioplantpharma.com\/product\/detox-drainage\/\",\"url\":\"https:\/\/www.bioplantpharma.com\/product\/detox-drainage\/\",\"name\":\"DETOX Drainage - BIOPLANTPHARMA\",\"isPartOf\":{\"@id\":\"https:\/\/www.bioplantpharma.com\/#website\"},\"primaryImageOfPage\":{\"@id\":\"https:\/\/www.bioplantpharma.com\/product\/detox-drainage\/#primaryimage\"},\"image\":{\"@id\":\"https:\/\/www.bioplantpharma.com\/product\/detox-drainage\/#primaryimage\"},\"thumbnailUrl\":\"https:\/\/www.bioplantpharma.com\/wp-content\/uploads\/2025\/03\/Detox_Drainage.jpg\",\"datePublished\":\"2025-03-21T21:48:35+00:00\",\"dateModified\":\"2025-11-23T18:15:49+00:00\",\"description\":\"Clinically proven DETOX Drainage, ANTI-CELLULITE and ANTI-FAT CELLS STORAGE. Powerful lymphatic drainage helps reduce cellulite. Works 24 hours!\",\"breadcrumb\":{\"@id\":\"https:\/\/www.bioplantpharma.com\/product\/detox-drainage\/#breadcrumb\"},\"inLanguage\":\"de\",\"potentialAction\":[{\"@type\":\"ReadAction\",\"target\":[\"https:\/\/www.bioplantpharma.com\/product\/detox-drainage\/\"]}]},{\"@type\":\"ImageObject\",\"inLanguage\":\"de\",\"@id\":\"https:\/\/www.bioplantpharma.com\/product\/detox-drainage\/#primaryimage\",\"url\":\"https:\/\/www.bioplantpharma.com\/wp-content\/uploads\/2025\/03\/Detox_Drainage.jpg\",\"contentUrl\":\"https:\/\/www.bioplantpharma.com\/wp-content\/uploads\/2025\/03\/Detox_Drainage.jpg\",\"width\":1080,\"height\":1080,\"caption\":\"Detox Drainage\"},{\"@type\":\"BreadcrumbList\",\"@id\":\"https:\/\/www.bioplantpharma.com\/product\/detox-drainage\/#breadcrumb\",\"itemListElement\":[{\"@type\":\"ListItem\",\"position\":1,\"name\":\"Home\",\"item\":\"https:\/\/www.bioplantpharma.com\/\"},{\"@type\":\"ListItem\",\"position\":2,\"name\":\"Products\",\"item\":\"https:\/\/www.bioplantpharma.com\/shop__trashed\/\"},{\"@type\":\"ListItem\",\"position\":3,\"name\":\"DETOX Drainage\"}]},{\"@type\":\"WebSite\",\"@id\":\"https:\/\/www.bioplantpharma.com\/#website\",\"url\":\"https:\/\/www.bioplantpharma.com\/\",\"name\":\"BIOPLANTPHARMA\",\"description\":\"Official Website\",\"publisher\":{\"@id\":\"https:\/\/www.bioplantpharma.com\/#organization\"},\"potentialAction\":[{\"@type\":\"SearchAction\",\"target\":{\"@type\":\"EntryPoint\",\"urlTemplate\":\"https:\/\/www.bioplantpharma.com\/?s={search_term_string}\"},\"query-input\":{\"@type\":\"PropertyValueSpecification\",\"valueRequired\":true,\"valueName\":\"search_term_string\"}}],\"inLanguage\":\"de\"},{\"@type\":\"Organization\",\"@id\":\"https:\/\/www.bioplantpharma.com\/#organization\",\"name\":\"BIOPLANTPHARMA\",\"url\":\"https:\/\/www.bioplantpharma.com\/\",\"logo\":{\"@type\":\"ImageObject\",\"inLanguage\":\"de\",\"@id\":\"https:\/\/www.bioplantpharma.com\/#\/schema\/logo\/image\/\",\"url\":\"https:\/\/www.bioplantpharma.com\/wp-content\/uploads\/2024\/01\/logobioplant-1.jpg\",\"contentUrl\":\"https:\/\/www.bioplantpharma.com\/wp-content\/uploads\/2024\/01\/logobioplant-1.jpg\",\"width\":1321,\"height\":186,\"caption\":\"BIOPLANTPHARMA\"},\"image\":{\"@id\":\"https:\/\/www.bioplantpharma.com\/#\/schema\/logo\/image\/\"}}]}<\/script>\n<!-- \/ Yoast SEO plugin. -->","yoast_head_json":{"title":"DETOX Drainage - BIOPLANTPHARMA","description":"Clinically proven DETOX Drainage, ANTI-CELLULITE and ANTI-FAT CELLS STORAGE. Powerful lymphatic drainage helps reduce cellulite. Works 24 hours!","robots":{"index":"index","follow":"follow","max-snippet":"max-snippet:-1","max-image-preview":"max-image-preview:large","max-video-preview":"max-video-preview:-1"},"canonical":"https:\/\/www.bioplantpharma.com\/de\/produkt\/detox-drainage\/","og_locale":"de_DE","og_type":"article","og_title":"DETOX Drainage - BIOPLANTPHARMA","og_description":"Clinically proven DETOX Drainage, ANTI-CELLULITE and ANTI-FAT CELLS STORAGE. Powerful lymphatic drainage helps reduce cellulite. Works 24 hours!","og_url":"https:\/\/www.bioplantpharma.com\/de\/produkt\/detox-drainage\/","og_site_name":"BIOPLANTPHARMA","article_modified_time":"2025-11-23T18:15:49+00:00","og_image":[{"width":1080,"height":1080,"url":"http:\/\/www.bioplantpharma.com\/wp-content\/uploads\/2025\/03\/Detox_Drainage.jpg","type":"image\/jpeg"}],"twitter_card":"summary_large_image","twitter_misc":{"Gesch\u00e4tzte Lesezeit":"3\u00a0Minuten"},"schema":{"@context":"https:\/\/schema.org","@graph":[{"@type":"WebPage","@id":"https:\/\/www.bioplantpharma.com\/product\/detox-drainage\/","url":"https:\/\/www.bioplantpharma.com\/product\/detox-drainage\/","name":"DETOX Drainage - BIOPLANTPHARMA","isPartOf":{"@id":"https:\/\/www.bioplantpharma.com\/#website"},"primaryImageOfPage":{"@id":"https:\/\/www.bioplantpharma.com\/product\/detox-drainage\/#primaryimage"},"image":{"@id":"https:\/\/www.bioplantpharma.com\/product\/detox-drainage\/#primaryimage"},"thumbnailUrl":"https:\/\/www.bioplantpharma.com\/wp-content\/uploads\/2025\/03\/Detox_Drainage.jpg","datePublished":"2025-03-21T21:48:35+00:00","dateModified":"2025-11-23T18:15:49+00:00","description":"Clinically proven DETOX Drainage, ANTI-CELLULITE and ANTI-FAT CELLS STORAGE. Powerful lymphatic drainage helps reduce cellulite. Works 24 hours!","breadcrumb":{"@id":"https:\/\/www.bioplantpharma.com\/product\/detox-drainage\/#breadcrumb"},"inLanguage":"de","potentialAction":[{"@type":"ReadAction","target":["https:\/\/www.bioplantpharma.com\/product\/detox-drainage\/"]}]},{"@type":"ImageObject","inLanguage":"de","@id":"https:\/\/www.bioplantpharma.com\/product\/detox-drainage\/#primaryimage","url":"https:\/\/www.bioplantpharma.com\/wp-content\/uploads\/2025\/03\/Detox_Drainage.jpg","contentUrl":"https:\/\/www.bioplantpharma.com\/wp-content\/uploads\/2025\/03\/Detox_Drainage.jpg","width":1080,"height":1080,"caption":"Detox Drainage"},{"@type":"BreadcrumbList","@id":"https:\/\/www.bioplantpharma.com\/product\/detox-drainage\/#breadcrumb","itemListElement":[{"@type":"ListItem","position":1,"name":"Home","item":"https:\/\/www.bioplantpharma.com\/"},{"@type":"ListItem","position":2,"name":"Products","item":"https:\/\/www.bioplantpharma.com\/shop__trashed\/"},{"@type":"ListItem","position":3,"name":"DETOX Drainage"}]},{"@type":"WebSite","@id":"https:\/\/www.bioplantpharma.com\/#website","url":"https:\/\/www.bioplantpharma.com\/","name":"BIOPLANTPHARMA","description":"Official Website","publisher":{"@id":"https:\/\/www.bioplantpharma.com\/#organization"},"potentialAction":[{"@type":"SearchAction","target":{"@type":"EntryPoint","urlTemplate":"https:\/\/www.bioplantpharma.com\/?s={search_term_string}"},"query-input":{"@type":"PropertyValueSpecification","valueRequired":true,"valueName":"search_term_string"}}],"inLanguage":"de"},{"@type":"Organization","@id":"https:\/\/www.bioplantpharma.com\/#organization","name":"BIOPLANTPHARMA","url":"https:\/\/www.bioplantpharma.com\/","logo":{"@type":"ImageObject","inLanguage":"de","@id":"https:\/\/www.bioplantpharma.com\/#\/schema\/logo\/image\/","url":"https:\/\/www.bioplantpharma.com\/wp-content\/uploads\/2024\/01\/logobioplant-1.jpg","contentUrl":"https:\/\/www.bioplantpharma.com\/wp-content\/uploads\/2024\/01\/logobioplant-1.jpg","width":1321,"height":186,"caption":"BIOPLANTPHARMA"},"image":{"@id":"https:\/\/www.bioplantpharma.com\/#\/schema\/logo\/image\/"}}]}},"jetpack_sharing_enabled":true,"_links":{"self":[{"href":"https:\/\/www.bioplantpharma.com\/de\/wp-json\/wp\/v2\/product\/792","targetHints":{"allow":["GET"]}}],"collection":[{"href":"https:\/\/www.bioplantpharma.com\/de\/wp-json\/wp\/v2\/product"}],"about":[{"href":"https:\/\/www.bioplantpharma.com\/de\/wp-json\/wp\/v2\/types\/product"}],"replies":[{"embeddable":true,"href":"https:\/\/www.bioplantpharma.com\/de\/wp-json\/wp\/v2\/comments?post=792"}],"wp:featuredmedia":[{"embeddable":true,"href":"https:\/\/www.bioplantpharma.com\/de\/wp-json\/wp\/v2\/media\/803"}],"wp:attachment":[{"href":"https:\/\/www.bioplantpharma.com\/de\/wp-json\/wp\/v2\/media?parent=792"}],"wp:term":[{"taxonomy":"product_brand","embeddable":true,"href":"https:\/\/www.bioplantpharma.com\/de\/wp-json\/wp\/v2\/product_brand?post=792"},{"taxonomy":"product_cat","embeddable":true,"href":"https:\/\/www.bioplantpharma.com\/de\/wp-json\/wp\/v2\/product_cat?post=792"},{"taxonomy":"product_tag","embeddable":true,"href":"https:\/\/www.bioplantpharma.com\/de\/wp-json\/wp\/v2\/product_tag?post=792"}],"curies":[{"name":"wp","href":"https:\/\/api.w.org\/{rel}","templated":true}]}}