{"id":435,"date":"2024-02-04T20:30:42","date_gmt":"2024-02-04T20:30:42","guid":{"rendered":"https:\/\/www.bioplantpharma.com\/?post_type=product&#038;p=435"},"modified":"2025-06-16T08:52:36","modified_gmt":"2025-06-16T08:52:36","slug":"doloarthritis-forte","status":"publish","type":"product","link":"https:\/\/www.bioplantpharma.com\/de\/produkt\/doloarthritis-forte\/","title":{"rendered":"DOLOArthritis Forte"},"content":{"rendered":"<h2>DOLOArthritis<strong> Forte\u00a0<\/strong><\/h2>\n<blockquote><p>DOLOArthritis Forte creme lindert Arthritis-Schmerzen, verbessert die Beweglichkeit und reduziert die Steifheit zur allgemeinen Unterst\u00fctzung von Arthritis-Gelenkschmerzen.<\/p>\n<p>DOLOArthritis Forte kann intensiv und gezielt und genau dort wirken, wo es weh tut.<\/p><\/blockquote>\n<h3><\/h3>\n<h3><\/h3>\n<h3><strong><span class=\"Y2IQFc\" lang=\"en\">DOLOArthritis Forte kann Entz\u00fcndungen und dem Fortschreiten der Gelenkzerst\u00f6rung vorbeugen. Erhaltung der Beweglichkeit, St\u00e4rkung und Linderung von Schmerzen. Die Anwendung von DOLOArthritis kann die Anzahl schmerzender Gelenke und die morgendliche Gelenksteifheit reduzieren.<\/span><\/strong><\/h3>\n<p><img fetchpriority=\"high\" decoding=\"async\" class=\"alignnone wp-image-440\" src=\"http:\/\/www.bioplantpharma.com\/wp-content\/uploads\/2024\/02\/dolo-arthritis-cream-300x169.jpg\" alt=\"dolo arthritis cream\" width=\"802\" height=\"452\" srcset=\"https:\/\/www.bioplantpharma.com\/wp-content\/uploads\/2024\/02\/dolo-arthritis-cream-300x169.jpg 300w, https:\/\/www.bioplantpharma.com\/wp-content\/uploads\/2024\/02\/dolo-arthritis-cream-1024x576.jpg 1024w, https:\/\/www.bioplantpharma.com\/wp-content\/uploads\/2024\/02\/dolo-arthritis-cream-768x432.jpg 768w, https:\/\/www.bioplantpharma.com\/wp-content\/uploads\/2024\/02\/dolo-arthritis-cream-800x450.jpg 800w, https:\/\/www.bioplantpharma.com\/wp-content\/uploads\/2024\/02\/dolo-arthritis-cream-600x338.jpg 600w, https:\/\/www.bioplantpharma.com\/wp-content\/uploads\/2024\/02\/dolo-arthritis-cream.jpg 1280w\" sizes=\"(max-width: 802px) 100vw, 802px\" \/><\/p>\n<p>&nbsp;<\/p>\n<p id=\"tw-target-text\" class=\"tw-data-text tw-text-large tw-ta\" dir=\"ltr\" data-placeholder=\"\u00dcbersetzung\"><span class=\"Y2IQFc\" lang=\"en\">Ziel der DOLOArthritis ist die bestm\u00f6gliche Hemmung entz\u00fcndlicher Prozesse sowie die Schmerzlinderung und der Erhalt der Funktion und Kraft der Gelenke.<\/span><\/p>\n<ul>\n<li><strong>Arthritis<\/strong><\/li>\n<li><strong>Rheumatoide Arthritis<\/strong><\/li>\n<li><strong>Gicht<\/strong><\/li>\n<li><strong>Allgemeine Schmerzen<\/strong><\/li>\n<li><strong>Schleimbeutelentz\u00fcndung<\/strong><\/li>\n<li><strong>Schmerzen im Tennisarm<\/strong><\/li>\n<li><strong>R\u00fcckenschmerzen<\/strong><\/li>\n<li><strong>Muskelkater<\/strong><\/li>\n<\/ul>\n<p>&nbsp;<\/p>\n<h2 class=\"p1\"><span class=\"s1\"><b>STUDIE<\/b><\/span><\/h2>\n<p class=\"p1\"><span class=\"s1\">Wilde Yamswurzeln kommen im Mittleren Westen und Osten der Vereinigten Staaten, in Lateinamerika (insbesondere Mexiko) und in Asien vor. Es gibt mehrere verschiedene Arten. Alle besitzen \u00e4hnliche Bestandteile und Eigenschaften. Die Wurzel wird medizinisch verwendet.<\/span><span class=\"s2\"><b>.\u00a0<\/b><\/span><span class=\"s3\">An der Harvard Medical School in Boston im Jahr 2010 ein knochenst\u00e4rkendes Arzneimittel\u00a0<\/span><span class=\"s4\">Getestet wurden Pflanzen, die allesamt seit vielen Jahrhunderten zur Behandlung von Osteoporose eingesetzt werden.<\/span><\/p>\n<p class=\"p3\"><span class=\"s1\">Die Ergebnisse der Studie waren sehr positiv, es zeigte sich, dass die von uns in der DOLOArthritis forte Creme verwendeten Heilpflanzen die Vermehrung knochenbildender Zellen (Osteoblasten) deutlich anregen und gleichzeitig deren verst\u00e4rkte Zerst\u00f6rung, wie sie bei Osteoporose der Fall ist, verhindern.<\/span><\/p>\n<p class=\"p3\"><span class=\"s1\">Dar\u00fcber hinaus wurde festgestellt, dass die Heilpflanzen die Kalziumaufnahme in die Knochen sowohl kurz- als auch langfristig verbessern. Auch die Bildung zweier Schl\u00fcsselproteine, die f\u00fcr den Knochenaufbau wichtig sind, wurde durch die Heilpflanze stark angeregt (Kollagen I und Laminin B2).<\/span><\/p>\n<blockquote>\n<p class=\"p3\"><span class=\"s1\">Anschlie\u00dfend erkl\u00e4rten die Forscher, dass die knochenverdickenden Heilpflanzen in der DOLOArthritis Forte-Creme zur Vorbeugung von Osteoporose eingesetzt werden k\u00f6nnen.<\/span><\/p>\n<\/blockquote>\n<p class=\"p1\"><span class=\"s1\">DOLOArthritis Forte ist ein leistungsstarkes Gesundheitsprodukt. Entwickelt und <\/span><span class=\"s1\">Hergestellt aus 100 % biologisch angebauten medizinischen Heilpflanzen.<\/span><\/p>\n<p>&nbsp;<\/p>\n<p class=\"p3\"><span class=\"s1\"><b>Wir legen besonderen Wert auf h\u00f6chste Qualit\u00e4t und innovative Gesundheitsversorgung.<\/b><\/span><\/p>\n<p class=\"p3\"><span class=\"s1\"><b>Die mediterrane Umgebung<\/b>\u00a0ist\u00a0<b>ideal f\u00fcr medizinische Heilpflanzen,<\/b>\u00a0dort\u00a0<b>ist<span class=\"Apple-converted-space\">\u00a0\u00a0<\/span>keine Industrie<span class=\"Apple-converted-space\">\u00a0\u00a0<\/span>der Boden enth\u00e4lt<span class=\"Apple-converted-space\">\u00a0\u00a0<\/span>keine Schwermetalle<span class=\"Apple-converted-space\">\u00a0\u00a0<\/span>und das ist die ideale Voraussetzung f\u00fcr<span class=\"Apple-converted-space\">\u00a0\u00a0<\/span>medizinische Heilpflanzen.<\/b><\/span><\/p>\n<p class=\"p3\"><span class=\"s1\"><b>Darum sind unsere HEALTHCARE Produkte<\/b>\u00a0<b>kraftvoll und speziell f\u00fcr die Gesundheitspr\u00e4vention.<\/b><\/span><\/p>\n<p class=\"p3\"><span class=\"s1\"><b>DOLOArthritis SILIKONFREI, keine MINERAL\u00d6LE, keine PARABENE,<span class=\"Apple-converted-space\">\u00a0\u00a0<\/span>keine PEG's<\/b><\/span><\/p>\n<p class=\"p3\"><span class=\"s1\"><b>Wir legen h\u00f6chsten Wert auf INHALTSSTOFFE OHNE TIERVERSUCHE.<\/b><\/span><\/p>\n<p><img decoding=\"async\" class=\"alignnone wp-image-438\" src=\"http:\/\/www.bioplantpharma.com\/wp-content\/uploads\/2024\/02\/cropped-nature-scaled-1-768x432-1-300x169.jpg\" alt=\"\" width=\"652\" height=\"367\" srcset=\"https:\/\/www.bioplantpharma.com\/wp-content\/uploads\/2024\/02\/cropped-nature-scaled-1-768x432-1-300x169.jpg 300w, https:\/\/www.bioplantpharma.com\/wp-content\/uploads\/2024\/02\/cropped-nature-scaled-1-768x432-1-600x338.jpg 600w, https:\/\/www.bioplantpharma.com\/wp-content\/uploads\/2024\/02\/cropped-nature-scaled-1-768x432-1.jpg 768w\" sizes=\"(max-width: 652px) 100vw, 652px\" \/><\/p>\n<p><strong>Anwedung: <\/strong>Auf die betroffenen Stellen auftragen und sanft einmassieren, bis es vollst\u00e4ndig eingezogen ist. F\u00fcr eine optimale Linderung drei- bis viermal t\u00e4glich auftragen.<\/p>\n<p><strong>Wichtig: <\/strong>DOLOArthritis Forte Creme sollte nicht auf verletzter Haut oder offenen Wunden oder auf gereizter, entz\u00fcndeter, ger\u00f6teter oder trockener Haut angewendet werden.<\/p>\n<h6>Ingredients\/INCI: Centella asiatica,dioscorea villosa L., Laurus nobilis Symphytum officinale, uncaria tomentosa Juniperus, Rosmarins, Coixseed, Thymus, Urtica Salvia officinales, Cupressus sempervirens, Cinnamomum, Jingiber, Camelia sinsensis, Uncaria tomentosa,Centella asiatica acide, nigella sativa seed extract.<\/h6>","protected":false},"excerpt":{"rendered":"<p>200ml<\/p>\n<div class=\"page\" title=\"Page 2\">\n<div class=\"section\">\n<div class=\"layoutArea\">\n<div class=\"column\">\n<ul>\n<li>DOLOArthritis Forte creme beinhaltet <strong>14 ausgew\u00e4hlte Medizinische Heilpflanzen<\/strong>\u00a0aus biologischem Anbau<\/li>\n<li><strong>kann die Anzahl schmerzender Gelenke reduzieren<\/strong>\u00a0und die\u00a0<strong>morgendliche Gelenksteifheit<\/strong><\/li>\n<li>DOLOArthritis Forte <strong>kann<\/strong><strong>\u00a0Entz\u00fcndungen vorbeugen<\/strong>\u00a0und das Fortschreiten der Gelenkzerst\u00f6rung<\/li>\n<li>DOLOArthritis Forte <span class=\"s2\">ist eine\u00a0<strong>gesunde Alternative ohne Nebenwirkungen<\/strong><\/span><\/li>\n<\/ul>\n<\/div>\n<\/div>\n<\/div>\n<\/div>","protected":false},"featured_media":439,"comment_status":"open","ping_status":"closed","template":"","meta":{"ocean_post_layout":"full-width","ocean_both_sidebars_style":"","ocean_both_sidebars_content_width":0,"ocean_both_sidebars_sidebars_width":0,"ocean_sidebar":"0","ocean_second_sidebar":"0","ocean_disable_margins":"enable","ocean_add_body_class":"","ocean_shortcode_before_top_bar":"","ocean_shortcode_after_top_bar":"","ocean_shortcode_before_header":"","ocean_shortcode_after_header":"","ocean_has_shortcode":"","ocean_shortcode_after_title":"","ocean_shortcode_before_footer_widgets":"","ocean_shortcode_after_footer_widgets":"","ocean_shortcode_before_footer_bottom":"","ocean_shortcode_after_footer_bottom":"","ocean_display_top_bar":"default","ocean_display_header":"default","ocean_header_style":"","ocean_center_header_left_menu":"0","ocean_custom_header_template":"0","ocean_custom_logo":0,"ocean_custom_retina_logo":0,"ocean_custom_logo_max_width":0,"ocean_custom_logo_tablet_max_width":0,"ocean_custom_logo_mobile_max_width":0,"ocean_custom_logo_max_height":0,"ocean_custom_logo_tablet_max_height":0,"ocean_custom_logo_mobile_max_height":0,"ocean_header_custom_menu":"0","ocean_menu_typo_font_family":"0","ocean_menu_typo_font_subset":"","ocean_menu_typo_font_size":0,"ocean_menu_typo_font_size_tablet":0,"ocean_menu_typo_font_size_mobile":0,"ocean_menu_typo_font_size_unit":"px","ocean_menu_typo_font_weight":"","ocean_menu_typo_font_weight_tablet":"","ocean_menu_typo_font_weight_mobile":"","ocean_menu_typo_transform":"","ocean_menu_typo_transform_tablet":"","ocean_menu_typo_transform_mobile":"","ocean_menu_typo_line_height":0,"ocean_menu_typo_line_height_tablet":0,"ocean_menu_typo_line_height_mobile":0,"ocean_menu_typo_line_height_unit":"","ocean_menu_typo_spacing":0,"ocean_menu_typo_spacing_tablet":0,"ocean_menu_typo_spacing_mobile":0,"ocean_menu_typo_spacing_unit":"","ocean_menu_link_color":"","ocean_menu_link_color_hover":"","ocean_menu_link_color_active":"","ocean_menu_link_background":"","ocean_menu_link_hover_background":"","ocean_menu_link_active_background":"","ocean_menu_social_links_bg":"","ocean_menu_social_hover_links_bg":"","ocean_menu_social_links_color":"","ocean_menu_social_hover_links_color":"","ocean_disable_title":"on","ocean_disable_heading":"default","ocean_post_title":"","ocean_post_subheading":"","ocean_post_title_style":"","ocean_post_title_background_color":"","ocean_post_title_background":0,"ocean_post_title_bg_image_position":"","ocean_post_title_bg_image_attachment":"","ocean_post_title_bg_image_repeat":"","ocean_post_title_bg_image_size":"","ocean_post_title_height":0,"ocean_post_title_bg_overlay":0.5,"ocean_post_title_bg_overlay_color":"","ocean_disable_breadcrumbs":"default","ocean_breadcrumbs_color":"","ocean_breadcrumbs_separator_color":"","ocean_breadcrumbs_links_color":"","ocean_breadcrumbs_links_hover_color":"","ocean_display_footer_widgets":"default","ocean_display_footer_bottom":"default","ocean_custom_footer_template":"0"},"product_brand":[],"product_cat":[21],"product_tag":[],"class_list":{"0":"post-435","1":"product","2":"type-product","3":"status-publish","4":"has-post-thumbnail","6":"product_cat-doloarthritis-forte","8":"entry","9":"has-media","11":"first","12":"instock","13":"shipping-taxable","14":"purchasable","15":"product-type-simple","16":"has-rating","17":"has-product-nav","18":"col","19":"span_1_of_3","20":"owp-content-center","21":"owp-thumbs-layout-vertical","22":"owp-btn-normal","23":"owp-tabs-layout-horizontal","24":"has-no-thumbnails"},"yoast_head":"<!-- This site is optimized with the Yoast SEO plugin v25.6 - https:\/\/yoast.com\/wordpress\/plugins\/seo\/ -->\n<title>DOLOArthritis Forte - BIOPLANTPHARMA<\/title>\n<meta name=\"description\" content=\"DOLOArthritis Forte cream relieves arthritis aches, improves mobility, and reduces stiffness for overall arthritis joint pain support. SHOP NOW\" \/>\n<meta name=\"robots\" content=\"index, follow, max-snippet:-1, max-image-preview:large, max-video-preview:-1\" \/>\n<link rel=\"canonical\" href=\"https:\/\/www.bioplantpharma.com\/de\/produkt\/doloarthritis-forte\/\" \/>\n<meta property=\"og:locale\" content=\"de_DE\" \/>\n<meta property=\"og:type\" content=\"article\" \/>\n<meta property=\"og:title\" content=\"DOLOArthritis Forte - BIOPLANTPHARMA\" \/>\n<meta property=\"og:description\" content=\"DOLOArthritis Forte cream relieves arthritis aches, improves mobility, and reduces stiffness for overall arthritis joint pain support. SHOP NOW\" \/>\n<meta property=\"og:url\" content=\"https:\/\/www.bioplantpharma.com\/de\/produkt\/doloarthritis-forte\/\" \/>\n<meta property=\"og:site_name\" content=\"BIOPLANTPHARMA\" \/>\n<meta property=\"article:modified_time\" content=\"2025-06-16T08:52:36+00:00\" \/>\n<meta property=\"og:image\" content=\"http:\/\/www.bioplantpharma.com\/wp-content\/uploads\/2024\/02\/doloarthritis-forte.jpg\" \/>\n\t<meta property=\"og:image:width\" content=\"1080\" \/>\n\t<meta property=\"og:image:height\" content=\"1080\" \/>\n\t<meta property=\"og:image:type\" content=\"image\/jpeg\" \/>\n<meta name=\"twitter:card\" content=\"summary_large_image\" \/>\n<meta name=\"twitter:label1\" content=\"Gesch\u00e4tzte Lesezeit\" \/>\n\t<meta name=\"twitter:data1\" content=\"3\u00a0Minuten\" \/>\n<script type=\"application\/ld+json\" class=\"yoast-schema-graph\">{\"@context\":\"https:\/\/schema.org\",\"@graph\":[{\"@type\":\"WebPage\",\"@id\":\"https:\/\/www.bioplantpharma.com\/product\/doloarthritis-forte\/\",\"url\":\"https:\/\/www.bioplantpharma.com\/product\/doloarthritis-forte\/\",\"name\":\"DOLOArthritis Forte - BIOPLANTPHARMA\",\"isPartOf\":{\"@id\":\"https:\/\/www.bioplantpharma.com\/#website\"},\"primaryImageOfPage\":{\"@id\":\"https:\/\/www.bioplantpharma.com\/product\/doloarthritis-forte\/#primaryimage\"},\"image\":{\"@id\":\"https:\/\/www.bioplantpharma.com\/product\/doloarthritis-forte\/#primaryimage\"},\"thumbnailUrl\":\"https:\/\/www.bioplantpharma.com\/wp-content\/uploads\/2024\/02\/doloarthritis-forte.jpg\",\"datePublished\":\"2024-02-04T20:30:42+00:00\",\"dateModified\":\"2025-06-16T08:52:36+00:00\",\"description\":\"DOLOArthritis Forte cream relieves arthritis aches, improves mobility, and reduces stiffness for overall arthritis joint pain support. SHOP NOW\",\"breadcrumb\":{\"@id\":\"https:\/\/www.bioplantpharma.com\/product\/doloarthritis-forte\/#breadcrumb\"},\"inLanguage\":\"de\",\"potentialAction\":[{\"@type\":\"ReadAction\",\"target\":[\"https:\/\/www.bioplantpharma.com\/product\/doloarthritis-forte\/\"]}]},{\"@type\":\"ImageObject\",\"inLanguage\":\"de\",\"@id\":\"https:\/\/www.bioplantpharma.com\/product\/doloarthritis-forte\/#primaryimage\",\"url\":\"https:\/\/www.bioplantpharma.com\/wp-content\/uploads\/2024\/02\/doloarthritis-forte.jpg\",\"contentUrl\":\"https:\/\/www.bioplantpharma.com\/wp-content\/uploads\/2024\/02\/doloarthritis-forte.jpg\",\"width\":1080,\"height\":1080,\"caption\":\"doloarthritis forte\"},{\"@type\":\"BreadcrumbList\",\"@id\":\"https:\/\/www.bioplantpharma.com\/product\/doloarthritis-forte\/#breadcrumb\",\"itemListElement\":[{\"@type\":\"ListItem\",\"position\":1,\"name\":\"Home\",\"item\":\"https:\/\/www.bioplantpharma.com\/\"},{\"@type\":\"ListItem\",\"position\":2,\"name\":\"Products\",\"item\":\"https:\/\/www.bioplantpharma.com\/shop__trashed\/\"},{\"@type\":\"ListItem\",\"position\":3,\"name\":\"DOLOArthritis Forte\"}]},{\"@type\":\"WebSite\",\"@id\":\"https:\/\/www.bioplantpharma.com\/#website\",\"url\":\"https:\/\/www.bioplantpharma.com\/\",\"name\":\"BIOPLANTPHARMA\",\"description\":\"Official Website\",\"publisher\":{\"@id\":\"https:\/\/www.bioplantpharma.com\/#organization\"},\"potentialAction\":[{\"@type\":\"SearchAction\",\"target\":{\"@type\":\"EntryPoint\",\"urlTemplate\":\"https:\/\/www.bioplantpharma.com\/?s={search_term_string}\"},\"query-input\":{\"@type\":\"PropertyValueSpecification\",\"valueRequired\":true,\"valueName\":\"search_term_string\"}}],\"inLanguage\":\"de\"},{\"@type\":\"Organization\",\"@id\":\"https:\/\/www.bioplantpharma.com\/#organization\",\"name\":\"BIOPLANTPHARMA\",\"url\":\"https:\/\/www.bioplantpharma.com\/\",\"logo\":{\"@type\":\"ImageObject\",\"inLanguage\":\"de\",\"@id\":\"https:\/\/www.bioplantpharma.com\/#\/schema\/logo\/image\/\",\"url\":\"https:\/\/www.bioplantpharma.com\/wp-content\/uploads\/2024\/01\/logobioplant-1.jpg\",\"contentUrl\":\"https:\/\/www.bioplantpharma.com\/wp-content\/uploads\/2024\/01\/logobioplant-1.jpg\",\"width\":1321,\"height\":186,\"caption\":\"BIOPLANTPHARMA\"},\"image\":{\"@id\":\"https:\/\/www.bioplantpharma.com\/#\/schema\/logo\/image\/\"}}]}<\/script>\n<!-- \/ Yoast SEO plugin. -->","yoast_head_json":{"title":"DOLOArthritis Forte - BIOPLANTPHARMA","description":"DOLOArthritis Forte cream relieves arthritis aches, improves mobility, and reduces stiffness for overall arthritis joint pain support. SHOP NOW","robots":{"index":"index","follow":"follow","max-snippet":"max-snippet:-1","max-image-preview":"max-image-preview:large","max-video-preview":"max-video-preview:-1"},"canonical":"https:\/\/www.bioplantpharma.com\/de\/produkt\/doloarthritis-forte\/","og_locale":"de_DE","og_type":"article","og_title":"DOLOArthritis Forte - BIOPLANTPHARMA","og_description":"DOLOArthritis Forte cream relieves arthritis aches, improves mobility, and reduces stiffness for overall arthritis joint pain support. SHOP NOW","og_url":"https:\/\/www.bioplantpharma.com\/de\/produkt\/doloarthritis-forte\/","og_site_name":"BIOPLANTPHARMA","article_modified_time":"2025-06-16T08:52:36+00:00","og_image":[{"width":1080,"height":1080,"url":"http:\/\/www.bioplantpharma.com\/wp-content\/uploads\/2024\/02\/doloarthritis-forte.jpg","type":"image\/jpeg"}],"twitter_card":"summary_large_image","twitter_misc":{"Gesch\u00e4tzte Lesezeit":"3\u00a0Minuten"},"schema":{"@context":"https:\/\/schema.org","@graph":[{"@type":"WebPage","@id":"https:\/\/www.bioplantpharma.com\/product\/doloarthritis-forte\/","url":"https:\/\/www.bioplantpharma.com\/product\/doloarthritis-forte\/","name":"DOLOArthritis Forte - BIOPLANTPHARMA","isPartOf":{"@id":"https:\/\/www.bioplantpharma.com\/#website"},"primaryImageOfPage":{"@id":"https:\/\/www.bioplantpharma.com\/product\/doloarthritis-forte\/#primaryimage"},"image":{"@id":"https:\/\/www.bioplantpharma.com\/product\/doloarthritis-forte\/#primaryimage"},"thumbnailUrl":"https:\/\/www.bioplantpharma.com\/wp-content\/uploads\/2024\/02\/doloarthritis-forte.jpg","datePublished":"2024-02-04T20:30:42+00:00","dateModified":"2025-06-16T08:52:36+00:00","description":"DOLOArthritis Forte cream relieves arthritis aches, improves mobility, and reduces stiffness for overall arthritis joint pain support. SHOP NOW","breadcrumb":{"@id":"https:\/\/www.bioplantpharma.com\/product\/doloarthritis-forte\/#breadcrumb"},"inLanguage":"de","potentialAction":[{"@type":"ReadAction","target":["https:\/\/www.bioplantpharma.com\/product\/doloarthritis-forte\/"]}]},{"@type":"ImageObject","inLanguage":"de","@id":"https:\/\/www.bioplantpharma.com\/product\/doloarthritis-forte\/#primaryimage","url":"https:\/\/www.bioplantpharma.com\/wp-content\/uploads\/2024\/02\/doloarthritis-forte.jpg","contentUrl":"https:\/\/www.bioplantpharma.com\/wp-content\/uploads\/2024\/02\/doloarthritis-forte.jpg","width":1080,"height":1080,"caption":"doloarthritis forte"},{"@type":"BreadcrumbList","@id":"https:\/\/www.bioplantpharma.com\/product\/doloarthritis-forte\/#breadcrumb","itemListElement":[{"@type":"ListItem","position":1,"name":"Home","item":"https:\/\/www.bioplantpharma.com\/"},{"@type":"ListItem","position":2,"name":"Products","item":"https:\/\/www.bioplantpharma.com\/shop__trashed\/"},{"@type":"ListItem","position":3,"name":"DOLOArthritis Forte"}]},{"@type":"WebSite","@id":"https:\/\/www.bioplantpharma.com\/#website","url":"https:\/\/www.bioplantpharma.com\/","name":"BIOPLANTPHARMA","description":"Official Website","publisher":{"@id":"https:\/\/www.bioplantpharma.com\/#organization"},"potentialAction":[{"@type":"SearchAction","target":{"@type":"EntryPoint","urlTemplate":"https:\/\/www.bioplantpharma.com\/?s={search_term_string}"},"query-input":{"@type":"PropertyValueSpecification","valueRequired":true,"valueName":"search_term_string"}}],"inLanguage":"de"},{"@type":"Organization","@id":"https:\/\/www.bioplantpharma.com\/#organization","name":"BIOPLANTPHARMA","url":"https:\/\/www.bioplantpharma.com\/","logo":{"@type":"ImageObject","inLanguage":"de","@id":"https:\/\/www.bioplantpharma.com\/#\/schema\/logo\/image\/","url":"https:\/\/www.bioplantpharma.com\/wp-content\/uploads\/2024\/01\/logobioplant-1.jpg","contentUrl":"https:\/\/www.bioplantpharma.com\/wp-content\/uploads\/2024\/01\/logobioplant-1.jpg","width":1321,"height":186,"caption":"BIOPLANTPHARMA"},"image":{"@id":"https:\/\/www.bioplantpharma.com\/#\/schema\/logo\/image\/"}}]}},"jetpack_sharing_enabled":true,"_links":{"self":[{"href":"https:\/\/www.bioplantpharma.com\/de\/wp-json\/wp\/v2\/product\/435","targetHints":{"allow":["GET"]}}],"collection":[{"href":"https:\/\/www.bioplantpharma.com\/de\/wp-json\/wp\/v2\/product"}],"about":[{"href":"https:\/\/www.bioplantpharma.com\/de\/wp-json\/wp\/v2\/types\/product"}],"replies":[{"embeddable":true,"href":"https:\/\/www.bioplantpharma.com\/de\/wp-json\/wp\/v2\/comments?post=435"}],"wp:featuredmedia":[{"embeddable":true,"href":"https:\/\/www.bioplantpharma.com\/de\/wp-json\/wp\/v2\/media\/439"}],"wp:attachment":[{"href":"https:\/\/www.bioplantpharma.com\/de\/wp-json\/wp\/v2\/media?parent=435"}],"wp:term":[{"taxonomy":"product_brand","embeddable":true,"href":"https:\/\/www.bioplantpharma.com\/de\/wp-json\/wp\/v2\/product_brand?post=435"},{"taxonomy":"product_cat","embeddable":true,"href":"https:\/\/www.bioplantpharma.com\/de\/wp-json\/wp\/v2\/product_cat?post=435"},{"taxonomy":"product_tag","embeddable":true,"href":"https:\/\/www.bioplantpharma.com\/de\/wp-json\/wp\/v2\/product_tag?post=435"}],"curies":[{"name":"wp","href":"https:\/\/api.w.org\/{rel}","templated":true}]}}